{"id":114,"date":"2020-03-30T13:12:05","date_gmt":"2020-03-30T13:12:05","guid":{"rendered":"http:\/\/piomic.local\/?page_id=114"},"modified":"2020-08-01T21:56:05","modified_gmt":"2020-08-01T21:56:05","slug":"cookie-policy","status":"publish","type":"page","link":"https:\/\/www.piomic.com\/de\/cookie-policy\/","title":{"rendered":"Cookies"},"content":{"rendered":"<p><\/p>\n<h3>\u00dcBER UNSERE COOKIE-RICHTLINIE<\/h3>\n<p>Unsere Websites verwenden Cookies wie unten beschrieben. Wenn Sie die Verwendung von Cookies in Ihrem Browser nicht abschalten und die Website weiterhin nutzen, stimmen Sie der Verwendung von Cookies durch uns gem\u00e4\u00df dieser Cookie-Richtlinie sowie der zugrunde liegenden Verarbeitung pers\u00f6nlicher Daten zu. Bitte lesen Sie unsere <strong><a href=\"https:\/\/www.piomic.com\/privacy-policy\">Datenschutzbestimmungen<\/a><\/strong> f\u00fcr weitere Informationen dar\u00fcber, was, wie und zu welchem Zweck Piomic personenbezogene Daten verarbeitet und Ihr Recht auf Zugang zu den von uns verarbeiteten personenbezogenen Daten.Sie k\u00f6nnen Ihre Browsereinstellungen jederzeit \u00e4ndern. Die Deaktivierung von Cookies kann Ihre Benutzererfahrung auf der Website beeintr\u00e4chtigen.<\/p>\n<p>Besucher auf einer Website, die Cookies verwendet, sollten Informationen dar\u00fcber erhalten:<\/p>\n<p>&nbsp;<\/p>\n<h4>Visitors on a website using cookies should receive information about:<\/h4>\n<ul>\n<li>dass die Website Cookies enth\u00e4lt<\/li>\n<li>wozu Cookies verwendet werden<\/li>\n<li>der Zweck, zu dem Cookies verwendet werden<\/li>\n<li>wer die Informationen verwendet<\/li>\n<li>wie Cookies vermieden werden k\u00f6nnen<\/li>\n<\/ul>\n<p>Dar\u00fcber hinaus m\u00fcssen Sie der Verwendung von Cookies zustimmen. Sie haben auch die M\u00f6glichkeit, die Verwendung von Cookies abzulehnen. <\/p>\n<p>&nbsp;<\/p>\n<h3>WAS SIND COOKIES UND WOZU WERDEN SIE VERWENDET?<\/h3>\n<p>Cookies sind kleine Textdateien, die an Ihr Ger\u00e4t (Mobiltelefon, PC oder Tablet) gesendet und dort gespeichert werden. Dies ist im Internet \u00fcblich und bedeutet, dass sich die Website, auf der Sie sich befinden, im Laufe der Zeit an Ihre Aktionen oder Pr\u00e4ferenzen erinnern kann und wie oft Sie auf der Website sind. Einige Cookies sind erforderlich, um die volle Funktionalit\u00e4t der Website zu nutzen, w\u00e4hrend andere dazu dienen, Ihre Benutzererfahrung zu verbessern und Ihnen die Navigation auf Ihrer Website zu erleichtern. <\/p>\n<p>Es gibt zwei Arten von Cookies: permanente und tempor\u00e4re Cookies (sogenannte Session-Cookies). Tempor\u00e4re Cookies werden gel\u00f6scht, wenn Sie den Browser schlie\u00dfen, und werden verwendet, um zu erkennen, dass sich ein Benutzer auf der Webseite befindet und welche Entscheidungen er trifft. Permanente Cookies werden als Datei \u00fcber einen l\u00e4ngeren Zeitraum auf Ihrem Ger\u00e4t gespeichert, um die Website an Ihre W\u00fcnsche, Wahlm\u00f6glichkeiten und Interessen anzupassen. Sie k\u00f6nnen beispielsweise f\u00fcr Funktionen verwendet werden, die Ihnen mitteilen, was seit Ihrer letzten Nutzung der Website neu ist, und um zu verfolgen, welche Sprache Sie gew\u00e4hlt haben. <\/p>\n<p>&nbsp;<\/p>\n<h4>Beispiele daf\u00fcr, wof\u00fcr Cookies verwendet werden k\u00f6nnen:<\/h4>\n<ul>\n<li>Anmeldeinformationen merken. Wenn Sie sich auf einer Website anmelden, wird ein Cookie auf Ihrem Ger\u00e4t platziert. Jedes Mal, wenn Sie eine neue Seite betreten, sendet Ihr Ger\u00e4t ein Cookie an die von Ihnen besuchte Website, und durch die Verwendung des Cookies kann die Website entscheiden, ob Sie angemeldet sind, und Sie m\u00fcssen Ihren Benutzernamen und Ihr Passwort nicht jedes Mal eingeben, wenn Sie die Seite \u00e4ndern.<\/li>\n<li>Passen Sie die Website f\u00fcr Ihren Gebrauch an. Dabei kann es sich um ein Design auf einer Website handeln, die Sie h\u00e4ufig verwenden, um angepasste Kontraste oder Schriftgr\u00f6\u00dfen oder um benutzerdefinierte Sortierung und Auswahl.<\/li>\n<li>Auf Websites, die Dienstleistungen verkaufen, werden Cookies verwendet, um Bestellungen zu erleichtern.<\/li>\n<li>Um aufzuzeichnen, welche Personen welche Seiten auf einer Website besuchen. Diese Informationen k\u00f6nnen dann zur Auswahl geeigneter Werbung oder zur Anpassung der Seiten, die der Benutzer sehen kann, verwendet werden. Viele Cookies, die f\u00fcr Werbung und ma\u00dfgeschneiderte Inhalte verwendet werden, sind Cookies von Drittanbietern.<\/li>\n<li>Um den Verkehr durch Statistiken zu verfolgen, um Ihre Website zu verbessern und mehr \u00fcber verschiedene Zielgruppen zu erfahren. Viele Cookies, die f\u00fcr Statistiken verwendet werden, sind Cookies von Drittanbietern.<\/li>\n<li>Um mit der Auswahl von Kicks, Bestellcodes und Mitgliedschaftsarten Schritt zu halten.<\/li>\n<\/ul>\n<p>&nbsp;<\/p>\n<h3>VERSCHIEDENE ARTEN VON COOKIES<br \/>\n<\/h3>\n<h5>Cookies k\u00f6nnen in Kategorien unterteilt werden, je nachdem, welche Funktion sie haben.<\/h5>\n<ul>\n<li><strong>Notwendig:<\/strong>\u00a0Diese sind notwendig, damit bestimmte Funktionen funktionieren, wie z.B. das Erkennen und Genehmigen des Benutzers beim Einloggen auf der Website.<\/li>\n<li><strong>Pr\u00e4sentation und Funktion:<\/strong> Diese Cookies vereinfachen Ihre Nutzung der Website und machen sie pers\u00f6nlicher, auch durch die Anpassung von Informationen und Angeboten f\u00fcr Dinge, an denen Sie bisher interessiert waren. Diese Cookies werden auch verwendet, um Informationen \u00fcber die Besucher der Website abzurufen, damit wir die Website und die digitalen Dienste verbessern k\u00f6nnen. Wenn Sie diese Cookies nicht genehmigen, ist die Funktionalit\u00e4t unserer digitalen Dienste eingeschr\u00e4nkt.<\/li>\n<li><strong>Werbung:<\/strong> Hierbei handelt es sich h\u00e4ufig um Cookies von Dritten, d.h. sie werden nicht von uns, sondern von einem unserer Partner verwendet. Diese Cookies verwenden Informationen \u00fcber Ihre Nutzung der Website und der Websites anderer Partner, z. B. Websites, die Sie besuchen, oder Anzeigen, auf die Sie reagieren, und zeigen dann Anzeigen an, die f\u00fcr Sie sowohl auf unserer Website als auch auf den Websites unserer Partner besser geeignet sind. Diese Anzeigen werden &#8222;interessenbezogene Werbung&#8220; genannt, da der Zweck darin besteht, nur Anzeigen zu sehen, die Ihren Interessen entsprechen. Wenn Sie diese Cookies nicht genehmigen, kann dies zu einem schlechteren Nutzererlebnis f\u00fchren.<\/li>\n<\/ul>\n<p>&nbsp;<\/p>\n<h3>M\u00d6CHTEN SIE COOKIES VERMEIDEN?<\/h3>\n<p>Cookies werden nicht verwendet, um Ihr Ger\u00e4t zu besch\u00e4digen oder zu zerst\u00f6ren, und die meisten Browser authentifizieren Cookies automatisch. Wenn Sie die Verwendung von Cookies jedoch vermeiden m\u00f6chten, k\u00f6nnen Sie die Genehmigung von Cookies in den Einstellungen Ihres Browsers verweigern und auf Ihrer Festplatte gespeicherte Cookies l\u00f6schen. Sie k\u00f6nnen Ihren Browser auch so einstellen, dass er Sie benachrichtigt, wenn er ein Cookie erh\u00e4lt. Auf diese Weise haben Sie die M\u00f6glichkeit, Cookies zuzulassen oder abzulehnen. Weitere Informationen \u00fcber Cookies und die Einstellungen Ihres Browsers erhalten Sie von Ihrem Browser-Provider. Wenn Sie die Verwendung von Cookies ablehnen, kann dies dazu f\u00fchren, dass die digitalen Dienste nicht richtig funktionieren.<\/p>\n<p>&nbsp;<\/p>\n<h3>WARUM VERWENDEN WIR COOKIES?<\/h3>\n<p>Durch die Verwendung von Cookies k\u00f6nnen wir Ihr Ger\u00e4t beim n\u00e4chsten Besuch unserer Website wiedererkennen, und Sie vermeiden die Eingabe von Benutzerinformationen bei jeder Nutzung unserer digitalen Dienste. Wir k\u00f6nnen die Dienste auch leichter an Ihre Bed\u00fcrfnisse anpassen, so dass Sie zum Beispiel nicht bei jedem Klick eine Sprache ausw\u00e4hlen m\u00fcssen. Die Website ist einfach und leicht zu benutzen. Wir verwenden Cookies auch zur Auswertung des Nutzerverhaltens auf und au\u00dferhalb unserer Website, um unsere digitalen Dienste weiterzuentwickeln. Das Ziel ist es, die Benutzererfahrung so gut wie m\u00f6glich zu gestalten, Ihre Marketing- und Lead-Statistiken anzupassen. Wir k\u00f6nnen auch andere Unternehmen nutzen, die in unserem Namen Cookies platzieren, um ihre Dienstleistungen anzubieten.<\/p>\n<p>&nbsp;<\/p>\n<h3>ZUSTIMMUNG ZUR VERWENDUNG VON COOKIES<\/h3>\n<p>Sie stimmen der Verwendung von Cookies durch uns zu, indem Sie die Website weiterhin nutzen und einen Browser verwenden, der so konfiguriert ist, dass er Cookies zul\u00e4sst. <\/p>\n<p>&nbsp;<\/p>\n<h3>\u00c4NDERUNGEN AN UNSEREN COOKIES<\/h3>\n<p>Die von uns verwendeten Cookies und die von uns vorgenommenen \u00c4nderungen werden nur durch unsere Aktualisierung der nachstehenden \u00dcbersicht angezeigt. Wir empfehlen Ihnen daher, dies bei jedem Besuch der Website zu \u00fcberpr\u00fcfen.<\/p>\n<p>&nbsp;<\/p>\n<h3>KONTAKT<\/h3>\n<p>Fragen zu unserer Cookie-Richtlinie k\u00f6nnen an <a href=\"mailto:info@piomic.com\"><strong>info@piomic.com<\/strong><\/a> gesendet werden.<\/p>\n<p>&nbsp;<\/p>\n<h3>AUF DER WEBSITE VERWENDETE COOKIES<\/h3>\n<p>Unsere digitalen Dienste sammeln und speichern Informationen mit Hilfe von Technologie aus verschiedenen Messinstrumenten. Wir verwenden auch Cookies von Drittanbietern, in erster Linie zur Messung des Datenverkehrs und zur Verbesserung von Webseiten, wie z. B. Google Analytics. <\/p>\n<p>&nbsp;<\/p>\n<p>F\u00fcr detaillierte Informationen \u00fcber die von uns verwendeten Cookies senden Sie bitte eine E-Mail an <a href=\"mailto:info@piomic.com\"><strong>info@piomic.com<\/strong><\/a>.<\/p>\n<p><\/strong><\/p>","protected":false},"excerpt":{"rendered":"<p>\u00dcBER UNSERE COOKIE-RICHTLINIE Unsere Websites verwenden Cookies wie unten beschrieben. Wenn Sie die Verwendung von Cookies in Ihrem Browser nicht abschalten und die Website weiterhin nutzen, stimmen Sie der Verwendung von Cookies durch uns gem\u00e4\u00df dieser Cookie-Richtlinie sowie der zugrunde liegenden Verarbeitung pers\u00f6nlicher Daten zu. Bitte lesen Sie unsere Datenschutzbestimmungen f\u00fcr weitere Informationen dar\u00fcber, was, [&hellip;]<\/p>\n","protected":false},"author":13,"featured_media":217,"parent":0,"menu_order":0,"comment_status":"closed","ping_status":"closed","template":"templates\/template-default.php","meta":{"footnotes":""},"class_list":["post-114","page","type-page","status-publish","has-post-thumbnail","hentry"],"acf":[],"aioseo_notices":[],"_links":{"self":[{"href":"https:\/\/www.piomic.com\/de\/wp-json\/wp\/v2\/pages\/114"}],"collection":[{"href":"https:\/\/www.piomic.com\/de\/wp-json\/wp\/v2\/pages"}],"about":[{"href":"https:\/\/www.piomic.com\/de\/wp-json\/wp\/v2\/types\/page"}],"author":[{"embeddable":true,"href":"https:\/\/www.piomic.com\/de\/wp-json\/wp\/v2\/users\/13"}],"replies":[{"embeddable":true,"href":"https:\/\/www.piomic.com\/de\/wp-json\/wp\/v2\/comments?post=114"}],"version-history":[{"count":1,"href":"https:\/\/www.piomic.com\/de\/wp-json\/wp\/v2\/pages\/114\/revisions"}],"predecessor-version":[{"id":2130,"href":"https:\/\/www.piomic.com\/de\/wp-json\/wp\/v2\/pages\/114\/revisions\/2130"}],"wp:featuredmedia":[{"embeddable":true,"href":"https:\/\/www.piomic.com\/de\/wp-json\/wp\/v2\/media\/217"}],"wp:attachment":[{"href":"https:\/\/www.piomic.com\/de\/wp-json\/wp\/v2\/media?parent=114"}],"curies":[{"name":"wp","href":"https:\/\/api.w.org\/{rel}","templated":true}]}}